{"id":2155,"date":"2024-07-11T05:40:17","date_gmt":"2024-07-11T05:40:17","guid":{"rendered":"https:\/\/enginext.it\/contatti\/"},"modified":"2025-10-29T21:22:13","modified_gmt":"2025-10-29T21:22:13","slug":"kontakt","status":"publish","type":"page","link":"https:\/\/enginext.it\/de\/kontakt\/","title":{"rendered":"Kontakt"},"content":{"rendered":"\t\t<div data-elementor-type=\"wp-page\" data-elementor-id=\"2155\" class=\"elementor elementor-2155 elementor-310\" data-elementor-post-type=\"page\">\n\t\t\t\t<div class=\"elementor-element elementor-element-ec63121 bg_img e-flex e-con-boxed e-con e-parent\" data-id=\"ec63121\" data-element_type=\"container\" data-settings=\"{&quot;background_background&quot;:&quot;classic&quot;}\">\n\t\t\t\t\t<div class=\"e-con-inner\">\n\t\t<div class=\"elementor-element elementor-element-5226395 e-con-full e-flex e-con e-child\" data-id=\"5226395\" data-element_type=\"container\">\n\t\t\t\t<div class=\"elementor-element elementor-element-377a011 elementor-invisible elementor-widget elementor-widget-heading\" data-id=\"377a011\" data-element_type=\"widget\" data-settings=\"{&quot;_animation&quot;:&quot;fadeInUp&quot;}\" data-widget_type=\"heading.default\">\n\t\t\t\t<div class=\"elementor-widget-container\">\n\t\t\t\t\t<h1 class=\"elementor-heading-title elementor-size-default\">Unsere Kontaktdaten<br><br><\/h1>\t\t\t\t<\/div>\n\t\t\t\t<\/div>\n\t\t\t\t<div class=\"elementor-element elementor-element-f70b796 elementor-invisible elementor-widget elementor-widget-heading\" data-id=\"f70b796\" data-element_type=\"widget\" data-settings=\"{&quot;_animation&quot;:&quot;fadeInUp&quot;,&quot;_animation_delay&quot;:200}\" data-widget_type=\"heading.default\">\n\t\t\t\t<div class=\"elementor-widget-container\">\n\t\t\t\t\t<div class=\"elementor-heading-title elementor-size-default\"><br><\/div>\t\t\t\t<\/div>\n\t\t\t\t<\/div>\n\t\t\t\t<\/div>\n\t\t\t\t\t<\/div>\n\t\t\t\t<\/div>\n\t\t<div class=\"elementor-element elementor-element-a8c1a36 e-flex e-con-boxed e-con e-parent\" data-id=\"a8c1a36\" data-element_type=\"container\">\n\t\t\t\t\t<div class=\"e-con-inner\">\n\t\t<div class=\"elementor-element elementor-element-5b1e3f3 e-con-full e-flex e-con e-child\" data-id=\"5b1e3f3\" data-element_type=\"container\">\n\t\t\t\t<div class=\"elementor-element elementor-element-a107422 elementor-widget elementor-widget-text-editor\" data-id=\"a107422\" data-element_type=\"widget\" data-widget_type=\"text-editor.default\">\n\t\t\t\t<div class=\"elementor-widget-container\">\n\t\t\t\t\t\t\t\t\t<p><span style=\"font-weight: 400;\">Enginext srl und Enginext Lab sind Ihr zentraler Partner f\u00fcr die nationale und europ\u00e4ische Homologation von kompletten Fahrzeugen, Systemen und Komponenten sowie f\u00fcr die Zertifizierung von Produkten und Maschinen.<\/span><span style=\"font-weight: 400;\"><br \/><\/span><span style=\"font-weight: 400;\"> Wir \u00fcbernehmen die technische Analyse, die Durchf\u00fchrung von Tests und die Einreichung der Unterlagen bei den zust\u00e4ndigen Beh\u00f6rden.<\/span><\/p><p><span style=\"font-weight: 400;\">Wenden Sie sich an:<\/span><\/p>\t\t\t\t\t\t\t\t<\/div>\n\t\t\t\t<\/div>\n\t\t\t\t<\/div>\n\t\t\t\t\t<\/div>\n\t\t\t\t<\/div>\n\t\t<div class=\"elementor-element elementor-element-6637c2d e-flex e-con-boxed e-con e-parent\" data-id=\"6637c2d\" data-element_type=\"container\">\n\t\t\t\t\t<div class=\"e-con-inner\">\n\t\t<div class=\"elementor-element elementor-element-4ef4bcd e-con-full e-flex e-con e-child\" data-id=\"4ef4bcd\" data-element_type=\"container\">\n\t\t\t\t<div class=\"elementor-element elementor-element-5e084d9 elementor-widget elementor-widget-google_maps\" data-id=\"5e084d9\" data-element_type=\"widget\" data-widget_type=\"google_maps.default\">\n\t\t\t\t<div class=\"elementor-widget-container\">\n\t\t\t\t\t\t\t<div class=\"elementor-custom-embed\">\n\t\t\t<iframe loading=\"lazy\"\n\t\t\t\t\tsrc=\"https:\/\/maps.google.com\/maps?q=Enginext&#038;t=m&#038;z=12&#038;output=embed&#038;iwloc=near\"\n\t\t\t\t\ttitle=\"Enginext\"\n\t\t\t\t\taria-label=\"Enginext\"\n\t\t\t><\/iframe>\n\t\t<\/div>\n\t\t\t\t\t\t<\/div>\n\t\t\t\t<\/div>\n\t\t\t\t<\/div>\n\t\t<div class=\"elementor-element elementor-element-80e6495 e-con-full e-flex e-con e-child\" data-id=\"80e6495\" data-element_type=\"container\">\n\t\t\t\t<div class=\"elementor-element elementor-element-7894da6 elementor-widget elementor-widget-heading\" data-id=\"7894da6\" data-element_type=\"widget\" data-widget_type=\"heading.default\">\n\t\t\t\t<div class=\"elementor-widget-container\">\n\t\t\t\t\t<h2 class=\"elementor-heading-title elementor-size-default\">Enginext<\/h2>\t\t\t\t<\/div>\n\t\t\t\t<\/div>\n\t\t\t\t<div class=\"elementor-element elementor-element-1b36259 elementor-widget elementor-widget-text-editor\" data-id=\"1b36259\" data-element_type=\"widget\" data-widget_type=\"text-editor.default\">\n\t\t\t\t<div class=\"elementor-widget-container\">\n\t\t\t\t\t\t\t\t\t<p><a style=\"color: #000;\" href=\"tel:+390444362690\">+39 0444 362690<\/a><br \/><a style=\"background-color: #ffffff; font-size: 1rem; color: #000000;\" href=\"mailto:info@enginext.it\" data-cmp-ab=\"2\">info@enginext.it<\/a><br \/><span style=\"font-size: 1rem;\">Viale Margherita, 21 \u2013 36043 Camisano Vicentino (VI)<\/span><\/p>\t\t\t\t\t\t\t\t<\/div>\n\t\t\t\t<\/div>\n\t\t\t\t<\/div>\n\t\t\t\t\t<\/div>\n\t\t\t\t<\/div>\n\t\t<div class=\"elementor-element elementor-element-fc49ece e-flex e-con-boxed e-con e-parent\" data-id=\"fc49ece\" data-element_type=\"container\">\n\t\t\t\t\t<div class=\"e-con-inner\">\n\t\t<div class=\"elementor-element elementor-element-ed257d2 e-con-full e-flex e-con e-child\" data-id=\"ed257d2\" data-element_type=\"container\">\n\t\t\t\t<div class=\"elementor-element elementor-element-12b18a0 elementor-widget elementor-widget-google_maps\" data-id=\"12b18a0\" data-element_type=\"widget\" data-widget_type=\"google_maps.default\">\n\t\t\t\t<div class=\"elementor-widget-container\">\n\t\t\t\t\t\t\t<div class=\"elementor-custom-embed\">\n\t\t\t<iframe loading=\"lazy\"\n\t\t\t\t\tsrc=\"https:\/\/maps.google.com\/maps?q=Via%20Enrico%20Fermi%201%20-%20Bolzano%20%28BZ%29&#038;t=m&#038;z=12&#038;output=embed&#038;iwloc=near\"\n\t\t\t\t\ttitle=\"Via Enrico Fermi 1 - Bolzano (BZ)\"\n\t\t\t\t\taria-label=\"Via Enrico Fermi 1 - Bolzano (BZ)\"\n\t\t\t><\/iframe>\n\t\t<\/div>\n\t\t\t\t\t\t<\/div>\n\t\t\t\t<\/div>\n\t\t\t\t<\/div>\n\t\t<div class=\"elementor-element elementor-element-26ce25b e-con-full e-flex e-con e-child\" data-id=\"26ce25b\" data-element_type=\"container\">\n\t\t\t\t<div class=\"elementor-element elementor-element-cf4f2ff elementor-widget elementor-widget-heading\" data-id=\"cf4f2ff\" data-element_type=\"widget\" data-widget_type=\"heading.default\">\n\t\t\t\t<div class=\"elementor-widget-container\">\n\t\t\t\t\t<h2 class=\"elementor-heading-title elementor-size-default\">Enginext NORD<\/h2>\t\t\t\t<\/div>\n\t\t\t\t<\/div>\n\t\t\t\t<div class=\"elementor-element elementor-element-297fc18 elementor-widget elementor-widget-text-editor\" data-id=\"297fc18\" data-element_type=\"widget\" data-widget_type=\"text-editor.default\">\n\t\t\t\t<div class=\"elementor-widget-container\">\n\t\t\t\t\t\t\t\t\t<p><a style=\"color: #000;\" href=\"tel:+390471982462\">+39 0471 982462<\/a><br \/><a style=\"color: #000;\" href=\"mailto:nord@enginext.it\">nord@enginext.it<\/a><br \/><span style=\"font-size: 1rem;\">Via Enrico Fermi 1 &#8211; Bolzano (BZ)<\/span><\/p>\t\t\t\t\t\t\t\t<\/div>\n\t\t\t\t<\/div>\n\t\t\t\t<\/div>\n\t\t\t\t\t<\/div>\n\t\t\t\t<\/div>\n\t\t<div class=\"elementor-element elementor-element-39e7a27 e-flex e-con-boxed e-con e-parent\" data-id=\"39e7a27\" data-element_type=\"container\">\n\t\t\t\t\t<div class=\"e-con-inner\">\n\t\t\t\t<div class=\"elementor-element elementor-element-faf513e elementor-widget elementor-widget-template\" data-id=\"faf513e\" data-element_type=\"widget\" data-widget_type=\"template.default\">\n\t\t\t\t<div class=\"elementor-widget-container\">\n\t\t\t\t\t\t\t<div class=\"elementor-template\">\n\t\t\t\t\t<div data-elementor-type=\"section\" data-elementor-id=\"1792\" class=\"elementor elementor-1792 elementor-337 elementor-337\" data-elementor-post-type=\"elementor_library\">\n\t\t\t<div class=\"elementor-element elementor-element-77e8601 e-flex e-con-boxed e-con e-parent\" data-id=\"77e8601\" data-element_type=\"container\">\n\t\t\t\t\t<div class=\"e-con-inner\">\n\t\t<div class=\"elementor-element elementor-element-0cb3aed e-con-full e-flex e-con e-child\" data-id=\"0cb3aed\" data-element_type=\"container\">\n\t\t\t\t<div class=\"elementor-element elementor-element-32bbc89 elementor-widget elementor-widget-heading\" data-id=\"32bbc89\" data-element_type=\"widget\" data-widget_type=\"heading.default\">\n\t\t\t\t<div class=\"elementor-widget-container\">\n\t\t\t\t\t<h2 class=\"elementor-heading-title elementor-size-default\">Kontaktieren Sie uns\n<\/h2>\t\t\t\t<\/div>\n\t\t\t\t<\/div>\n\t\t\t\t<div class=\"elementor-element elementor-element-d910b9c elementor-widget elementor-widget-text-editor\" data-id=\"d910b9c\" data-element_type=\"widget\" data-widget_type=\"text-editor.default\">\n\t\t\t\t<div class=\"elementor-widget-container\">\n\t\t\t\t\t\t\t\t\t<p><span style=\"font-weight: 400;\">Um eine Beratung anzufordern oder ein Angebot zu erhalten, f\u00fcllen Sie bitte das Formular mit Ihren Kontaktdaten und Ihrer Nachricht aus<br>wir melden uns schnellstm\u00f6glich bei Ihnen zur\u00fcck.<\/span><\/p>\t\t\t\t\t\t\t\t<\/div>\n\t\t\t\t<\/div>\n\t\t<div class=\"elementor-element elementor-element-55f3077 e-con-full e-flex e-con e-child\" data-id=\"55f3077\" data-element_type=\"container\">\n\t\t<div class=\"elementor-element elementor-element-f3a3aef e-con-full e-flex e-con e-child\" data-id=\"f3a3aef\" data-element_type=\"container\">\n\t\t\t\t<div class=\"elementor-element elementor-element-23483f0 elementor-invisible elementor-widget elementor-widget-image\" data-id=\"23483f0\" data-element_type=\"widget\" data-settings=\"{&quot;_animation&quot;:&quot;fadeInLeft&quot;}\" data-widget_type=\"image.default\">\n\t\t\t\t<div class=\"elementor-widget-container\">\n\t\t\t\t\t\t\t\t\t\t\t\t\t\t\t<img fetchpriority=\"high\" decoding=\"async\" width=\"800\" height=\"602\" src=\"https:\/\/enginext.it\/wp-content\/uploads\/2024\/09\/Enginext_contatti_2-scaled-e1726755448381-1024x770.jpg\" class=\"attachment-large size-large wp-image-2156\" alt=\"Contatta Enginext\" srcset=\"https:\/\/enginext.it\/wp-content\/uploads\/2024\/09\/Enginext_contatti_2-scaled-e1726755448381-1024x770.jpg 1024w, https:\/\/enginext.it\/wp-content\/uploads\/2024\/09\/Enginext_contatti_2-scaled-e1726755448381-300x226.jpg 300w, https:\/\/enginext.it\/wp-content\/uploads\/2024\/09\/Enginext_contatti_2-scaled-e1726755448381-768x578.jpg 768w, https:\/\/enginext.it\/wp-content\/uploads\/2024\/09\/Enginext_contatti_2-scaled-e1726755448381-1536x1155.jpg 1536w, https:\/\/enginext.it\/wp-content\/uploads\/2024\/09\/Enginext_contatti_2-scaled-e1726755448381.jpg 1928w\" sizes=\"(max-width: 800px) 100vw, 800px\" \/>\t\t\t\t\t\t\t\t\t\t\t\t\t\t\t<\/div>\n\t\t\t\t<\/div>\n\t\t\t\t<\/div>\n\t\t<div class=\"elementor-element elementor-element-0d700fb e-con-full e-flex e-con e-child\" data-id=\"0d700fb\" data-element_type=\"container\">\n\t\t\t\t<div class=\"elementor-element elementor-element-1c87be6 elementor-widget elementor-widget-wpforms\" data-id=\"1c87be6\" data-element_type=\"widget\" data-widget_type=\"wpforms.default\">\n\t\t\t\t<div class=\"elementor-widget-container\">\n\t\t\t\t\t<div class=\"wpforms-container wpforms-container-full wpforms-render-modern\" id=\"wpforms-2005\"><form id=\"wpforms-form-2005\" class=\"wpforms-validate wpforms-form wpforms-ajax-form\" data-formid=\"2005\" method=\"post\" enctype=\"multipart\/form-data\" action=\"\/de\/wp-json\/wp\/v2\/pages\/2155\" data-token=\"52af5157325ca33533bbba8e6b1a0adf\" data-token-time=\"1776571938\"><noscript class=\"wpforms-error-noscript\">Bitte aktiviere JavaScript in deinem Browser, um dieses Formular fertigzustellen.<\/noscript><div id=\"wpforms-error-noscript\" style=\"display: none;\">Bitte aktiviere JavaScript in deinem Browser, um dieses Formular fertigzustellen.<\/div><div class=\"wpforms-field-container\"><div id=\"wpforms-2005-field_4-container\" class=\"wpforms-field wpforms-field-text\" data-field-id=\"4\"><label class=\"wpforms-field-label\" for=\"wpforms-2005-field_4\">Pagina<\/label><input type=\"text\" id=\"wpforms-2005-field_4\" class=\"wpforms-field-medium\" name=\"wpforms[fields][4]\" aria-errormessage=\"wpforms-2005-field_4-error\" ><\/div><div id=\"wpforms-2005-field_6-container\" class=\"wpforms-field wpforms-field-text wpforms-one-half wpforms-first\" data-field-id=\"6\"><label class=\"wpforms-field-label\" for=\"wpforms-2005-field_6\">Name <span class=\"wpforms-required-label\" aria-hidden=\"true\">*<\/span><\/label><input type=\"text\" id=\"wpforms-2005-field_6\" class=\"wpforms-field-large wpforms-field-required\" name=\"wpforms[fields][6]\" aria-errormessage=\"wpforms-2005-field_6-error\" required><\/div><div id=\"wpforms-2005-field_7-container\" class=\"wpforms-field wpforms-field-text wpforms-one-half\" data-field-id=\"7\"><label class=\"wpforms-field-label\" for=\"wpforms-2005-field_7\">Nachname <span class=\"wpforms-required-label\" aria-hidden=\"true\">*<\/span><\/label><input type=\"text\" id=\"wpforms-2005-field_7\" class=\"wpforms-field-large wpforms-field-required\" name=\"wpforms[fields][7]\" aria-errormessage=\"wpforms-2005-field_7-error\" required><\/div><div id=\"wpforms-2005-field_1-container\" class=\"wpforms-field wpforms-field-email wpforms-one-half wpforms-first\" data-field-id=\"1\"><label class=\"wpforms-field-label\" for=\"wpforms-2005-field_1\">Email <span class=\"wpforms-required-label\" aria-hidden=\"true\">*<\/span><\/label><input type=\"email\" id=\"wpforms-2005-field_1\" class=\"wpforms-field-large wpforms-field-required\" name=\"wpforms[fields][1]\" spellcheck=\"false\" aria-errormessage=\"wpforms-2005-field_1-error\" required><\/div><div id=\"wpforms-2005-field_5-container\" class=\"wpforms-field wpforms-field-text wpforms-one-half\" data-field-id=\"5\"><label class=\"wpforms-field-label\" for=\"wpforms-2005-field_5\">Unternehmen <span class=\"wpforms-required-label\" aria-hidden=\"true\">*<\/span><\/label><input type=\"text\" id=\"wpforms-2005-field_5\" class=\"wpforms-field-large wpforms-field-required\" name=\"wpforms[fields][5]\" aria-errormessage=\"wpforms-2005-field_5-error\" required><\/div><div id=\"wpforms-2005-field_2-container\" class=\"wpforms-field wpforms-field-textarea\" data-field-id=\"2\"><label class=\"wpforms-field-label\" for=\"wpforms-2005-field_2\">Nachricht <span class=\"wpforms-required-label\" aria-hidden=\"true\">*<\/span><\/label><textarea id=\"wpforms-2005-field_2\" class=\"wpforms-field-medium wpforms-field-required\" name=\"wpforms[fields][2]\" aria-errormessage=\"wpforms-2005-field_2-error\" required><\/textarea><\/div><div id=\"wpforms-2005-field_3-container\" class=\"wpforms-field wpforms-field-checkbox\" data-field-id=\"3\"><fieldset><legend class=\"wpforms-field-label wpforms-label-hide\" aria-hidden=\"false\">Caselle di Spunta <span class=\"wpforms-required-label\" aria-hidden=\"true\">*<\/span><\/legend><ul id=\"wpforms-2005-field_3\" class=\"wpforms-field-required\"><li class=\"choice-1 depth-1\"><input type=\"checkbox\" id=\"wpforms-2005-field_3_1\" name=\"wpforms[fields][3][]\" value=\"Ich akzeptiere die Bedingungen der &lt;a title=&quot;&#039;Datenschutz&quot; class=&quot;&#039;iubenda-nostyle&quot; href=&quot;\u201ahttps:\/\/www.iubenda.com\/privacy-policy\/90458471\u2018&quot;&gt;Datenschutzrichtlinie&lt;\/a&gt;\" aria-errormessage=\"wpforms-2005-field_3_1-error\" required ><label class=\"wpforms-field-label-inline\" for=\"wpforms-2005-field_3_1\">Ich akzeptiere die Bedingungen der <a title=\"'Datenschutz\" class=\"'iubenda-nostyle\" href=\"\/\/www.iubenda.com\/privacy-policy\/90458471\u2018\">Datenschutzrichtlinie<\/a><\/label><\/li><\/ul><\/fieldset><\/div><\/div><!-- .wpforms-field-container --><div class=\"wpforms-submit-container\" ><input type=\"hidden\" name=\"wpforms[id]\" value=\"2005\"><input type=\"hidden\" name=\"page_title\" value=\"\"><input type=\"hidden\" name=\"page_url\" value=\"https:\/\/enginext.it\/de\/wp-json\/wp\/v2\/pages\/2155\"><input type=\"hidden\" name=\"url_referer\" value=\"\"><button type=\"submit\" name=\"wpforms[submit]\" id=\"wpforms-submit-2005\" class=\"wpforms-submit\" data-alt-text=\"Senden von...\" data-submit-text=\"Senden Sie\" aria-live=\"assertive\" value=\"wpforms-submit\">Senden Sie<\/button><img decoding=\"async\" src=\"https:\/\/enginext.it\/wp-content\/plugins\/wpforms-lite\/assets\/images\/submit-spin.svg\" class=\"wpforms-submit-spinner\" style=\"display: none;\" width=\"26\" height=\"26\" alt=\"Wird geladen\"><\/div><\/form><\/div>  <!-- .wpforms-container -->\t\t\t\t<\/div>\n\t\t\t\t<\/div>\n\t\t\t\t<\/div>\n\t\t\t\t<\/div>\n\t\t\t\t<\/div>\n\t\t\t\t\t<\/div>\n\t\t\t\t<\/div>\n\t\t\t\t<\/div>\n\t\t\t\t<\/div>\n\t\t\t\t\t\t<\/div>\n\t\t\t\t<\/div>\n\t\t\t\t\t<\/div>\n\t\t\t\t<\/div>\n\t\t<div class=\"elementor-element elementor-element-a0cebc2 e-con-full e-flex e-con e-parent\" data-id=\"a0cebc2\" data-element_type=\"container\">\n\t\t\t\t<div class=\"elementor-element elementor-element-2b0fecc elementor-widget elementor-widget-google_maps\" data-id=\"2b0fecc\" data-element_type=\"widget\" data-widget_type=\"google_maps.default\">\n\t\t\t\t<div class=\"elementor-widget-container\">\n\t\t\t\t\t\t\t<div class=\"elementor-custom-embed\">\n\t\t\t<iframe loading=\"lazy\"\n\t\t\t\t\tsrc=\"https:\/\/maps.google.com\/maps?q=Enginext&#038;t=m&#038;z=12&#038;output=embed&#038;iwloc=near\"\n\t\t\t\t\ttitle=\"Enginext\"\n\t\t\t\t\taria-label=\"Enginext\"\n\t\t\t><\/iframe>\n\t\t<\/div>\n\t\t\t\t\t\t<\/div>\n\t\t\t\t<\/div>\n\t\t\t\t<\/div>\n\t\t\t\t<\/div>\n\t\t","protected":false},"excerpt":{"rendered":"<p>Unsere Kontaktdaten Enginext srl und Enginext Lab sind Ihr zentraler Partner f\u00fcr die nationale und europ\u00e4ische Homologation von kompletten Fahrzeugen, Systemen und Komponenten sowie f\u00fcr die Zertifizierung von Produkten und Maschinen. Wir \u00fcbernehmen die technische Analyse, die Durchf\u00fchrung von Tests und die Einreichung der Unterlagen bei den zust\u00e4ndigen Beh\u00f6rden. Wenden Sie sich an: Enginext +39 [&hellip;]<\/p>\n","protected":false},"author":1,"featured_media":0,"parent":0,"menu_order":0,"comment_status":"closed","ping_status":"closed","template":"","meta":{"footnotes":""},"class_list":["post-2155","page","type-page","status-publish","hentry"],"_links":{"self":[{"href":"https:\/\/enginext.it\/de\/wp-json\/wp\/v2\/pages\/2155","targetHints":{"allow":["GET"]}}],"collection":[{"href":"https:\/\/enginext.it\/de\/wp-json\/wp\/v2\/pages"}],"about":[{"href":"https:\/\/enginext.it\/de\/wp-json\/wp\/v2\/types\/page"}],"author":[{"embeddable":true,"href":"https:\/\/enginext.it\/de\/wp-json\/wp\/v2\/users\/1"}],"replies":[{"embeddable":true,"href":"https:\/\/enginext.it\/de\/wp-json\/wp\/v2\/comments?post=2155"}],"version-history":[{"count":8,"href":"https:\/\/enginext.it\/de\/wp-json\/wp\/v2\/pages\/2155\/revisions"}],"predecessor-version":[{"id":2966,"href":"https:\/\/enginext.it\/de\/wp-json\/wp\/v2\/pages\/2155\/revisions\/2966"}],"wp:attachment":[{"href":"https:\/\/enginext.it\/de\/wp-json\/wp\/v2\/media?parent=2155"}],"curies":[{"name":"wp","href":"https:\/\/api.w.org\/{rel}","templated":true}]}}